{"id":62,"date":"2025-09-22T16:21:55","date_gmt":"2025-09-22T14:21:55","guid":{"rendered":"https:\/\/marclh.fr\/buron-la-gaielle\/?page_id=62"},"modified":"2026-02-27T16:35:22","modified_gmt":"2026-02-27T15:35:22","slug":"accueil","status":"publish","type":"page","link":"https:\/\/buron-la-gaielle.marclh.fr\/","title":{"rendered":"Un h\u00e9bergement au c\u0153ur du massif cantalien"},"content":{"rendered":"\n<figure class=\"wp-block-video\"><video height=\"450\" style=\"aspect-ratio: 800 \/ 450;\" width=\"800\" controls src=\"https:\/\/buron-la-gaielle.marclh.fr\/wp-content\/uploads\/2026\/02\/buron800-1.mp4\"><\/video><\/figure>\n\n\n\n<p class=\"has-medium-font-size\">Dans un paysage absent de toute civilisation, apr\u00e8s plus d&rsquo;un demi-si\u00e8cle de sommeil, le buron de la Ga\u00efelle revit pour accueillir tous les passionn\u00e9(e)s de randonn\u00e9e.<\/p>\n\n\n\n<figure class=\"wp-block-image size-large\"><img loading=\"lazy\" decoding=\"async\" width=\"768\" height=\"1024\" src=\"https:\/\/marclh.fr\/buron-la-gaielle\/wp-content\/uploads\/2025\/09\/2020-07-23-1-768x1024.jpg\" alt=\"\" class=\"wp-image-89\" srcset=\"https:\/\/buron-la-gaielle.marclh.fr\/wp-content\/uploads\/2025\/09\/2020-07-23-1-768x1024.jpg 768w, https:\/\/buron-la-gaielle.marclh.fr\/wp-content\/uploads\/2025\/09\/2020-07-23-1-225x300.jpg 225w, https:\/\/buron-la-gaielle.marclh.fr\/wp-content\/uploads\/2025\/09\/2020-07-23-1.jpg 1024w\" sizes=\"auto, (max-width: 706px) 89vw, (max-width: 767px) 82vw, 740px\" \/><\/figure>\n\n\n\n<figure class=\"wp-block-table is-style-regular\"><table class=\"has-fixed-layout\"><tbody><tr><td class=\"has-text-align-center\" data-align=\"center\"><img loading=\"lazy\" decoding=\"async\" width=\"300\" height=\"200\" class=\"wp-image-90\" style=\"width: 300px;\" src=\"https:\/\/marclh.fr\/buron-la-gaielle\/wp-content\/uploads\/2025\/09\/buron-r-1.jpg\" alt=\"\" srcset=\"https:\/\/buron-la-gaielle.marclh.fr\/wp-content\/uploads\/2025\/09\/buron-r-1.jpg 1024w, https:\/\/buron-la-gaielle.marclh.fr\/wp-content\/uploads\/2025\/09\/buron-r-1-300x200.jpg 300w, https:\/\/buron-la-gaielle.marclh.fr\/wp-content\/uploads\/2025\/09\/buron-r-1-768x512.jpg 768w\" sizes=\"auto, (max-width: 300px) 100vw, 300px\" \/><\/td><td class=\"has-text-align-center\" data-align=\"center\"><img loading=\"lazy\" decoding=\"async\" width=\"300\" height=\"200\" class=\"wp-image-91\" style=\"width: 300px;\" src=\"https:\/\/marclh.fr\/buron-la-gaielle\/wp-content\/uploads\/2025\/09\/DSC_2014-r2.jpg\" alt=\"\" srcset=\"https:\/\/buron-la-gaielle.marclh.fr\/wp-content\/uploads\/2025\/09\/DSC_2014-r2.jpg 2048w, https:\/\/buron-la-gaielle.marclh.fr\/wp-content\/uploads\/2025\/09\/DSC_2014-r2-300x200.jpg 300w, https:\/\/buron-la-gaielle.marclh.fr\/wp-content\/uploads\/2025\/09\/DSC_2014-r2-1024x683.jpg 1024w, https:\/\/buron-la-gaielle.marclh.fr\/wp-content\/uploads\/2025\/09\/DSC_2014-r2-768x512.jpg 768w, https:\/\/buron-la-gaielle.marclh.fr\/wp-content\/uploads\/2025\/09\/DSC_2014-r2-1536x1024.jpg 1536w\" sizes=\"auto, (max-width: 300px) 100vw, 300px\" \/><\/td><\/tr><\/tbody><\/table><\/figure>\n\n\n\n<p class=\"has-medium-font-size\">Situ\u00e9 au pied du massif cantalien (v\u00e9ritable paradis p\u00e9destre), il permettra aux randonneurs de vivre pleinement leur passion.<\/p>\n\n\n<div class=\"wp-block-image is-style-rounded\">\n<figure class=\"aligncenter size-large is-resized\"><img loading=\"lazy\" decoding=\"async\" width=\"683\" height=\"1024\" src=\"https:\/\/marclh.fr\/buron-la-gaielle\/wp-content\/uploads\/2025\/09\/P1070444-683x1024.jpg\" alt=\"\" class=\"wp-image-93\" style=\"width:570px;height:auto\" srcset=\"https:\/\/buron-la-gaielle.marclh.fr\/wp-content\/uploads\/2025\/09\/P1070444-683x1024.jpg 683w, https:\/\/buron-la-gaielle.marclh.fr\/wp-content\/uploads\/2025\/09\/P1070444-200x300.jpg 200w, https:\/\/buron-la-gaielle.marclh.fr\/wp-content\/uploads\/2025\/09\/P1070444-768x1152.jpg 768w, https:\/\/buron-la-gaielle.marclh.fr\/wp-content\/uploads\/2025\/09\/P1070444.jpg 800w\" sizes=\"auto, (max-width: 683px) 100vw, 683px\" \/><\/figure>\n<\/div>\n\n\n<p class=\"has-medium-font-size\">Vous pourrez vous restaurer dans le lieu o\u00f9 vivaient les vachers et o\u00f9 l&rsquo;on fabriquait le cantal.<\/p>\n\n\n<div class=\"wp-block-image\">\n<figure class=\"aligncenter size-large\"><img loading=\"lazy\" decoding=\"async\" width=\"1024\" height=\"683\" src=\"https:\/\/marclh.fr\/buron-la-gaielle\/wp-content\/uploads\/2025\/09\/DSC_2024-r2-1024x683.jpg\" alt=\"\" class=\"wp-image-94\" srcset=\"https:\/\/buron-la-gaielle.marclh.fr\/wp-content\/uploads\/2025\/09\/DSC_2024-r2-1024x683.jpg 1024w, https:\/\/buron-la-gaielle.marclh.fr\/wp-content\/uploads\/2025\/09\/DSC_2024-r2-300x200.jpg 300w, https:\/\/buron-la-gaielle.marclh.fr\/wp-content\/uploads\/2025\/09\/DSC_2024-r2-768x512.jpg 768w, https:\/\/buron-la-gaielle.marclh.fr\/wp-content\/uploads\/2025\/09\/DSC_2024-r2-1536x1024.jpg 1536w, https:\/\/buron-la-gaielle.marclh.fr\/wp-content\/uploads\/2025\/09\/DSC_2024-r2.jpg 2048w\" sizes=\"auto, (max-width: 706px) 89vw, (max-width: 767px) 82vw, 740px\" \/><\/figure>\n<\/div>\n\n\n<p class=\"has-medium-font-size\">La cave a \u00e9t\u00e9 transform\u00e9e en cuisine et r\u00e9fectoire.<\/p>\n\n\n\n<figure class=\"wp-block-image size-full\"><img loading=\"lazy\" decoding=\"async\" width=\"800\" height=\"800\" src=\"https:\/\/marclh.fr\/buron-la-gaielle\/wp-content\/uploads\/2025\/09\/porte.jpg\" alt=\"\" class=\"wp-image-96\" srcset=\"https:\/\/buron-la-gaielle.marclh.fr\/wp-content\/uploads\/2025\/09\/porte.jpg 800w, https:\/\/buron-la-gaielle.marclh.fr\/wp-content\/uploads\/2025\/09\/porte-300x300.jpg 300w, https:\/\/buron-la-gaielle.marclh.fr\/wp-content\/uploads\/2025\/09\/porte-150x150.jpg 150w, https:\/\/buron-la-gaielle.marclh.fr\/wp-content\/uploads\/2025\/09\/porte-768x768.jpg 768w, https:\/\/buron-la-gaielle.marclh.fr\/wp-content\/uploads\/2025\/09\/porte-100x100.jpg 100w\" sizes=\"auto, (max-width: 706px) 89vw, (max-width: 767px) 82vw, 740px\" \/><\/figure>\n\n\n\n<figure class=\"wp-block-image size-large\"><img loading=\"lazy\" decoding=\"async\" width=\"683\" height=\"1024\" src=\"https:\/\/marclh.fr\/buron-la-gaielle\/wp-content\/uploads\/2025\/09\/DSC_2037-r2-683x1024.jpg\" alt=\"\" class=\"wp-image-97\" srcset=\"https:\/\/buron-la-gaielle.marclh.fr\/wp-content\/uploads\/2025\/09\/DSC_2037-r2-683x1024.jpg 683w, https:\/\/buron-la-gaielle.marclh.fr\/wp-content\/uploads\/2025\/09\/DSC_2037-r2-200x300.jpg 200w, https:\/\/buron-la-gaielle.marclh.fr\/wp-content\/uploads\/2025\/09\/DSC_2037-r2-768x1152.jpg 768w, https:\/\/buron-la-gaielle.marclh.fr\/wp-content\/uploads\/2025\/09\/DSC_2037-r2-1024x1536.jpg 1024w, https:\/\/buron-la-gaielle.marclh.fr\/wp-content\/uploads\/2025\/09\/DSC_2037-r2.jpg 1365w\" sizes=\"auto, (max-width: 683px) 100vw, 683px\" \/><\/figure>\n\n\n\n<p class=\"has-medium-font-size\">Vous pourrez appr\u00e9cier une r\u00e9novation qui a permis au buron de la Ga\u00efelle de conserver son identit\u00e9 premi\u00e8re.<\/p>\n\n\n\n<figure class=\"wp-block-image size-large\"><img loading=\"lazy\" decoding=\"async\" width=\"768\" height=\"1024\" src=\"https:\/\/marclh.fr\/buron-la-gaielle\/wp-content\/uploads\/2025\/10\/IMG-20251021-WA0001-768x1024.jpg\" alt=\"\" class=\"wp-image-127\" srcset=\"https:\/\/buron-la-gaielle.marclh.fr\/wp-content\/uploads\/2025\/10\/IMG-20251021-WA0001-768x1024.jpg 768w, https:\/\/buron-la-gaielle.marclh.fr\/wp-content\/uploads\/2025\/10\/IMG-20251021-WA0001-225x300.jpg 225w, https:\/\/buron-la-gaielle.marclh.fr\/wp-content\/uploads\/2025\/10\/IMG-20251021-WA0001-1152x1536.jpg 1152w, https:\/\/buron-la-gaielle.marclh.fr\/wp-content\/uploads\/2025\/10\/IMG-20251021-WA0001.jpg 1200w\" sizes=\"auto, (max-width: 706px) 89vw, (max-width: 767px) 82vw, 740px\" \/><\/figure>\n\n\n\n<figure class=\"wp-block-image size-large\"><img loading=\"lazy\" decoding=\"async\" width=\"768\" height=\"1024\" src=\"https:\/\/marclh.fr\/buron-la-gaielle\/wp-content\/uploads\/2025\/10\/IMG-20251021-WA0002-768x1024.jpg\" alt=\"\" class=\"wp-image-129\" srcset=\"https:\/\/buron-la-gaielle.marclh.fr\/wp-content\/uploads\/2025\/10\/IMG-20251021-WA0002-768x1024.jpg 768w, https:\/\/buron-la-gaielle.marclh.fr\/wp-content\/uploads\/2025\/10\/IMG-20251021-WA0002-225x300.jpg 225w, https:\/\/buron-la-gaielle.marclh.fr\/wp-content\/uploads\/2025\/10\/IMG-20251021-WA0002-1152x1536.jpg 1152w, https:\/\/buron-la-gaielle.marclh.fr\/wp-content\/uploads\/2025\/10\/IMG-20251021-WA0002.jpg 1200w\" sizes=\"auto, (max-width: 706px) 89vw, (max-width: 767px) 82vw, 740px\" \/><\/figure>\n\n\n\n<p class=\"has-medium-font-size\">L\u00e0 o\u00f9 les veaux rentraient pour la nuit, d\u00e9sormais un  dortoir pour 8 \u00e0 10 couchages pourra accueillir les randonneurs . <\/p>\n\n\n\n<figure class=\"wp-block-table is-style-stripes\"><table class=\"has-fixed-layout\"><tbody><tr><td><img loading=\"lazy\" decoding=\"async\" width=\"200\" height=\"267\" class=\"wp-image-100\" style=\"width: 200px;\" src=\"https:\/\/marclh.fr\/buron-la-gaielle\/wp-content\/uploads\/2025\/09\/20241108_150418.jpg\" alt=\"\" srcset=\"https:\/\/buron-la-gaielle.marclh.fr\/wp-content\/uploads\/2025\/09\/20241108_150418.jpg 1024w, https:\/\/buron-la-gaielle.marclh.fr\/wp-content\/uploads\/2025\/09\/20241108_150418-225x300.jpg 225w, https:\/\/buron-la-gaielle.marclh.fr\/wp-content\/uploads\/2025\/09\/20241108_150418-768x1024.jpg 768w\" sizes=\"auto, (max-width: 200px) 100vw, 200px\" \/><\/td><td><img loading=\"lazy\" decoding=\"async\" width=\"200\" height=\"267\" class=\"wp-image-101\" style=\"width: 200px;\" src=\"https:\/\/marclh.fr\/buron-la-gaielle\/wp-content\/uploads\/2025\/09\/20241108_150526.jpg\" alt=\"\" srcset=\"https:\/\/buron-la-gaielle.marclh.fr\/wp-content\/uploads\/2025\/09\/20241108_150526.jpg 1024w, https:\/\/buron-la-gaielle.marclh.fr\/wp-content\/uploads\/2025\/09\/20241108_150526-225x300.jpg 225w, https:\/\/buron-la-gaielle.marclh.fr\/wp-content\/uploads\/2025\/09\/20241108_150526-768x1024.jpg 768w\" sizes=\"auto, (max-width: 200px) 100vw, 200px\" \/><\/td><td><img loading=\"lazy\" decoding=\"async\" width=\"200\" height=\"267\" class=\"wp-image-102\" style=\"width: 200px;\" src=\"https:\/\/marclh.fr\/buron-la-gaielle\/wp-content\/uploads\/2025\/09\/20241108_150403.jpg\" alt=\"\" srcset=\"https:\/\/buron-la-gaielle.marclh.fr\/wp-content\/uploads\/2025\/09\/20241108_150403.jpg 1024w, https:\/\/buron-la-gaielle.marclh.fr\/wp-content\/uploads\/2025\/09\/20241108_150403-225x300.jpg 225w, https:\/\/buron-la-gaielle.marclh.fr\/wp-content\/uploads\/2025\/09\/20241108_150403-768x1024.jpg 768w\" sizes=\"auto, (max-width: 200px) 100vw, 200px\" \/><\/td><\/tr><\/tbody><\/table><\/figure>\n\n\n\n<p class=\"has-medium-font-size\">Des panneaux solaires le rendent autonome en \u00e9lectricit\u00e9 et en eau chaude.<\/p>\n\n\n\n<figure class=\"wp-block-table is-style-regular\"><table class=\"has-fixed-layout\"><tbody><tr><td><strong>Repas sur r\u00e9servation<\/strong><\/td><td><strong>Randonn\u00e9es PR-GR <\/strong><\/td><\/tr><tr><td>Pour ceux qui en feront la demande, sur r\u00e9servation, il sera possible de se restaurer avec quelques plats typiques auvergnats.<\/td><td>Situ\u00e9 dans le parc naturel des volcans, sur la commune de Collandres, les GR sont facilement accessibles pour profiter de la montagne, avec des possibilit\u00e9s de circuit \u00e0 la journ\u00e9e.<\/td><\/tr><\/tbody><\/table><\/figure>\n\n\n\n<p><\/p>\n","protected":false},"excerpt":{"rendered":"<p>Dans un paysage absent de toute civilisation, apr\u00e8s plus d&rsquo;un demi-si\u00e8cle de sommeil, le buron de la Ga\u00efelle revit pour accueillir tous les passionn\u00e9(e)s de randonn\u00e9e. Situ\u00e9 au pied du massif cantalien (v\u00e9ritable paradis p\u00e9destre), il permettra aux randonneurs de vivre pleinement leur passion. Vous pourrez vous restaurer dans le lieu o\u00f9 vivaient les vachers &hellip; <\/p>\n<p class=\"link-more\"><a href=\"https:\/\/buron-la-gaielle.marclh.fr\/\" class=\"more-link\">Continuer la lecture<span class=\"screen-reader-text\"> de &laquo;&nbsp;Un h\u00e9bergement au c\u0153ur du massif cantalien&nbsp;&raquo;<\/span><\/a><\/p>\n","protected":false},"author":1,"featured_media":0,"parent":0,"menu_order":0,"comment_status":"closed","ping_status":"closed","template":"","meta":{"footnotes":""},"class_list":["post-62","page","type-page","status-publish","hentry"],"yoast_head":"<!-- This site is optimized with the Yoast SEO plugin v27.4 - https:\/\/yoast.com\/product\/yoast-seo-wordpress\/ -->\n<title>Un h\u00e9bergement au c\u0153ur du massif cantalien - Buron de la Ga\u00efelle<\/title>\n<meta name=\"description\" content=\"buron; cantal; Collandres; gaielle; Ga\u00efelle; Denis; Annie; randonn\u00e9e; randonneur; couchage; GR400\" \/>\n<meta name=\"robots\" content=\"index, follow, max-snippet:-1, max-image-preview:large, max-video-preview:-1\" \/>\n<link rel=\"canonical\" href=\"https:\/\/buron-la-gaielle.marclh.fr\/\" \/>\n<meta property=\"og:locale\" content=\"fr_FR\" \/>\n<meta property=\"og:type\" content=\"article\" \/>\n<meta property=\"og:title\" content=\"Un h\u00e9bergement au c\u0153ur du massif cantalien - Buron de la Ga\u00efelle\" \/>\n<meta property=\"og:description\" content=\"buron; cantal; Collandres; gaielle; Ga\u00efelle; Denis; Annie; randonn\u00e9e; randonneur; couchage; GR400\" \/>\n<meta property=\"og:url\" content=\"https:\/\/buron-la-gaielle.marclh.fr\/\" \/>\n<meta property=\"og:site_name\" content=\"Buron de la Ga\u00efelle\" \/>\n<meta property=\"article:modified_time\" content=\"2026-02-27T15:35:22+00:00\" \/>\n<meta property=\"og:image\" content=\"https:\/\/buron-la-gaielle.marclh.fr\/wp-content\/uploads\/2025\/09\/2020-07-23-1.jpg\" \/>\n\t<meta property=\"og:image:width\" content=\"1024\" \/>\n\t<meta property=\"og:image:height\" content=\"1365\" \/>\n\t<meta property=\"og:image:type\" content=\"image\/jpeg\" \/>\n<meta name=\"twitter:card\" content=\"summary_large_image\" \/>\n<meta name=\"twitter:label1\" content=\"Dur\u00e9e de lecture estim\u00e9e\" \/>\n\t<meta name=\"twitter:data1\" content=\"4 minutes\" \/>\n<script type=\"application\/ld+json\" class=\"yoast-schema-graph\">{\"@context\":\"https:\\\/\\\/schema.org\",\"@graph\":[{\"@type\":\"WebPage\",\"@id\":\"https:\\\/\\\/buron-la-gaielle.marclh.fr\\\/\",\"url\":\"https:\\\/\\\/buron-la-gaielle.marclh.fr\\\/\",\"name\":\"Un h\u00e9bergement au c\u0153ur du massif cantalien - Buron de la Ga\u00efelle\",\"isPartOf\":{\"@id\":\"https:\\\/\\\/buron-la-gaielle.marclh.fr\\\/#website\"},\"primaryImageOfPage\":{\"@id\":\"https:\\\/\\\/buron-la-gaielle.marclh.fr\\\/#primaryimage\"},\"image\":{\"@id\":\"https:\\\/\\\/buron-la-gaielle.marclh.fr\\\/#primaryimage\"},\"thumbnailUrl\":\"https:\\\/\\\/marclh.fr\\\/buron-la-gaielle\\\/wp-content\\\/uploads\\\/2025\\\/09\\\/2020-07-23-1-768x1024.jpg\",\"datePublished\":\"2025-09-22T14:21:55+00:00\",\"dateModified\":\"2026-02-27T15:35:22+00:00\",\"description\":\"buron; cantal; Collandres; gaielle; Ga\u00efelle; Denis; Annie; randonn\u00e9e; randonneur; couchage; GR400\",\"breadcrumb\":{\"@id\":\"https:\\\/\\\/buron-la-gaielle.marclh.fr\\\/#breadcrumb\"},\"inLanguage\":\"fr-FR\",\"potentialAction\":[{\"@type\":\"ReadAction\",\"target\":[\"https:\\\/\\\/buron-la-gaielle.marclh.fr\\\/\"]}]},{\"@type\":\"ImageObject\",\"inLanguage\":\"fr-FR\",\"@id\":\"https:\\\/\\\/buron-la-gaielle.marclh.fr\\\/#primaryimage\",\"url\":\"https:\\\/\\\/marclh.fr\\\/buron-la-gaielle\\\/wp-content\\\/uploads\\\/2025\\\/09\\\/2020-07-23-1-768x1024.jpg\",\"contentUrl\":\"https:\\\/\\\/marclh.fr\\\/buron-la-gaielle\\\/wp-content\\\/uploads\\\/2025\\\/09\\\/2020-07-23-1-768x1024.jpg\"},{\"@type\":\"BreadcrumbList\",\"@id\":\"https:\\\/\\\/buron-la-gaielle.marclh.fr\\\/#breadcrumb\",\"itemListElement\":[{\"@type\":\"ListItem\",\"position\":1,\"name\":\"Accueil\",\"item\":\"https:\\\/\\\/buron-la-gaielle.marclh.fr\\\/\"},{\"@type\":\"ListItem\",\"position\":2,\"name\":\"Un h\u00e9bergement au c\u0153ur du massif cantalien\"}]},{\"@type\":\"WebSite\",\"@id\":\"https:\\\/\\\/buron-la-gaielle.marclh.fr\\\/#website\",\"url\":\"https:\\\/\\\/buron-la-gaielle.marclh.fr\\\/\",\"name\":\"Buron de la Ga\u00efelle\",\"description\":\"Un h\u00e9bergement authentique au c\u0153ur du massif cantalien\",\"publisher\":{\"@id\":\"https:\\\/\\\/buron-la-gaielle.marclh.fr\\\/#organization\"},\"alternateName\":\"la gaielle collandres\",\"potentialAction\":[{\"@type\":\"SearchAction\",\"target\":{\"@type\":\"EntryPoint\",\"urlTemplate\":\"https:\\\/\\\/buron-la-gaielle.marclh.fr\\\/?s={search_term_string}\"},\"query-input\":{\"@type\":\"PropertyValueSpecification\",\"valueRequired\":true,\"valueName\":\"search_term_string\"}}],\"inLanguage\":\"fr-FR\"},{\"@type\":\"Organization\",\"@id\":\"https:\\\/\\\/buron-la-gaielle.marclh.fr\\\/#organization\",\"name\":\"Buron de la Ga\u00efelle\",\"alternateName\":\"la gaielle collandres\",\"url\":\"https:\\\/\\\/buron-la-gaielle.marclh.fr\\\/\",\"logo\":{\"@type\":\"ImageObject\",\"inLanguage\":\"fr-FR\",\"@id\":\"https:\\\/\\\/buron-la-gaielle.marclh.fr\\\/#\\\/schema\\\/logo\\\/image\\\/\",\"url\":\"https:\\\/\\\/buron-la-gaielle.marclh.fr\\\/wp-content\\\/uploads\\\/2025\\\/09\\\/DSC_2014-r2.jpg\",\"contentUrl\":\"https:\\\/\\\/buron-la-gaielle.marclh.fr\\\/wp-content\\\/uploads\\\/2025\\\/09\\\/DSC_2014-r2.jpg\",\"width\":2048,\"height\":1365,\"caption\":\"Buron de la Ga\u00efelle\"},\"image\":{\"@id\":\"https:\\\/\\\/buron-la-gaielle.marclh.fr\\\/#\\\/schema\\\/logo\\\/image\\\/\"}}]}<\/script>\n<!-- \/ Yoast SEO plugin. -->","yoast_head_json":{"title":"Un h\u00e9bergement au c\u0153ur du massif cantalien - Buron de la Ga\u00efelle","description":"buron; cantal; Collandres; gaielle; Ga\u00efelle; Denis; Annie; randonn\u00e9e; randonneur; couchage; GR400","robots":{"index":"index","follow":"follow","max-snippet":"max-snippet:-1","max-image-preview":"max-image-preview:large","max-video-preview":"max-video-preview:-1"},"canonical":"https:\/\/buron-la-gaielle.marclh.fr\/","og_locale":"fr_FR","og_type":"article","og_title":"Un h\u00e9bergement au c\u0153ur du massif cantalien - Buron de la Ga\u00efelle","og_description":"buron; cantal; Collandres; gaielle; Ga\u00efelle; Denis; Annie; randonn\u00e9e; randonneur; couchage; GR400","og_url":"https:\/\/buron-la-gaielle.marclh.fr\/","og_site_name":"Buron de la Ga\u00efelle","article_modified_time":"2026-02-27T15:35:22+00:00","og_image":[{"width":1024,"height":1365,"url":"https:\/\/buron-la-gaielle.marclh.fr\/wp-content\/uploads\/2025\/09\/2020-07-23-1.jpg","type":"image\/jpeg"}],"twitter_card":"summary_large_image","twitter_misc":{"Dur\u00e9e de lecture estim\u00e9e":"4 minutes"},"schema":{"@context":"https:\/\/schema.org","@graph":[{"@type":"WebPage","@id":"https:\/\/buron-la-gaielle.marclh.fr\/","url":"https:\/\/buron-la-gaielle.marclh.fr\/","name":"Un h\u00e9bergement au c\u0153ur du massif cantalien - Buron de la Ga\u00efelle","isPartOf":{"@id":"https:\/\/buron-la-gaielle.marclh.fr\/#website"},"primaryImageOfPage":{"@id":"https:\/\/buron-la-gaielle.marclh.fr\/#primaryimage"},"image":{"@id":"https:\/\/buron-la-gaielle.marclh.fr\/#primaryimage"},"thumbnailUrl":"https:\/\/marclh.fr\/buron-la-gaielle\/wp-content\/uploads\/2025\/09\/2020-07-23-1-768x1024.jpg","datePublished":"2025-09-22T14:21:55+00:00","dateModified":"2026-02-27T15:35:22+00:00","description":"buron; cantal; Collandres; gaielle; Ga\u00efelle; Denis; Annie; randonn\u00e9e; randonneur; couchage; GR400","breadcrumb":{"@id":"https:\/\/buron-la-gaielle.marclh.fr\/#breadcrumb"},"inLanguage":"fr-FR","potentialAction":[{"@type":"ReadAction","target":["https:\/\/buron-la-gaielle.marclh.fr\/"]}]},{"@type":"ImageObject","inLanguage":"fr-FR","@id":"https:\/\/buron-la-gaielle.marclh.fr\/#primaryimage","url":"https:\/\/marclh.fr\/buron-la-gaielle\/wp-content\/uploads\/2025\/09\/2020-07-23-1-768x1024.jpg","contentUrl":"https:\/\/marclh.fr\/buron-la-gaielle\/wp-content\/uploads\/2025\/09\/2020-07-23-1-768x1024.jpg"},{"@type":"BreadcrumbList","@id":"https:\/\/buron-la-gaielle.marclh.fr\/#breadcrumb","itemListElement":[{"@type":"ListItem","position":1,"name":"Accueil","item":"https:\/\/buron-la-gaielle.marclh.fr\/"},{"@type":"ListItem","position":2,"name":"Un h\u00e9bergement au c\u0153ur du massif cantalien"}]},{"@type":"WebSite","@id":"https:\/\/buron-la-gaielle.marclh.fr\/#website","url":"https:\/\/buron-la-gaielle.marclh.fr\/","name":"Buron de la Ga\u00efelle","description":"Un h\u00e9bergement authentique au c\u0153ur du massif cantalien","publisher":{"@id":"https:\/\/buron-la-gaielle.marclh.fr\/#organization"},"alternateName":"la gaielle collandres","potentialAction":[{"@type":"SearchAction","target":{"@type":"EntryPoint","urlTemplate":"https:\/\/buron-la-gaielle.marclh.fr\/?s={search_term_string}"},"query-input":{"@type":"PropertyValueSpecification","valueRequired":true,"valueName":"search_term_string"}}],"inLanguage":"fr-FR"},{"@type":"Organization","@id":"https:\/\/buron-la-gaielle.marclh.fr\/#organization","name":"Buron de la Ga\u00efelle","alternateName":"la gaielle collandres","url":"https:\/\/buron-la-gaielle.marclh.fr\/","logo":{"@type":"ImageObject","inLanguage":"fr-FR","@id":"https:\/\/buron-la-gaielle.marclh.fr\/#\/schema\/logo\/image\/","url":"https:\/\/buron-la-gaielle.marclh.fr\/wp-content\/uploads\/2025\/09\/DSC_2014-r2.jpg","contentUrl":"https:\/\/buron-la-gaielle.marclh.fr\/wp-content\/uploads\/2025\/09\/DSC_2014-r2.jpg","width":2048,"height":1365,"caption":"Buron de la Ga\u00efelle"},"image":{"@id":"https:\/\/buron-la-gaielle.marclh.fr\/#\/schema\/logo\/image\/"}}]}},"_links":{"self":[{"href":"https:\/\/buron-la-gaielle.marclh.fr\/index.php?rest_route=\/wp\/v2\/pages\/62","targetHints":{"allow":["GET"]}}],"collection":[{"href":"https:\/\/buron-la-gaielle.marclh.fr\/index.php?rest_route=\/wp\/v2\/pages"}],"about":[{"href":"https:\/\/buron-la-gaielle.marclh.fr\/index.php?rest_route=\/wp\/v2\/types\/page"}],"author":[{"embeddable":true,"href":"https:\/\/buron-la-gaielle.marclh.fr\/index.php?rest_route=\/wp\/v2\/users\/1"}],"replies":[{"embeddable":true,"href":"https:\/\/buron-la-gaielle.marclh.fr\/index.php?rest_route=%2Fwp%2Fv2%2Fcomments&post=62"}],"version-history":[{"count":10,"href":"https:\/\/buron-la-gaielle.marclh.fr\/index.php?rest_route=\/wp\/v2\/pages\/62\/revisions"}],"predecessor-version":[{"id":177,"href":"https:\/\/buron-la-gaielle.marclh.fr\/index.php?rest_route=\/wp\/v2\/pages\/62\/revisions\/177"}],"wp:attachment":[{"href":"https:\/\/buron-la-gaielle.marclh.fr\/index.php?rest_route=%2Fwp%2Fv2%2Fmedia&parent=62"}],"curies":[{"name":"wp","href":"https:\/\/api.w.org\/{rel}","templated":true}]}}