{"id":115,"date":"2025-09-22T17:19:20","date_gmt":"2025-09-22T15:19:20","guid":{"rendered":"https:\/\/marclh.fr\/buron-la-gaielle\/?page_id=115"},"modified":"2025-09-22T17:19:20","modified_gmt":"2025-09-22T15:19:20","slug":"gaielle-peylat","status":"publish","type":"page","link":"https:\/\/buron-la-gaielle.marclh.fr\/?page_id=115","title":{"rendered":"Ga\u00efelle-Peylat"},"content":{"rendered":"\n<figure class=\"wp-block-image size-full\"><img loading=\"lazy\" decoding=\"async\" width=\"805\" height=\"894\" src=\"https:\/\/marclh.fr\/buron-la-gaielle\/wp-content\/uploads\/2025\/09\/rando-le-peylat.jpg\" alt=\"\" class=\"wp-image-116\" srcset=\"https:\/\/buron-la-gaielle.marclh.fr\/wp-content\/uploads\/2025\/09\/rando-le-peylat.jpg 805w, https:\/\/buron-la-gaielle.marclh.fr\/wp-content\/uploads\/2025\/09\/rando-le-peylat-270x300.jpg 270w, https:\/\/buron-la-gaielle.marclh.fr\/wp-content\/uploads\/2025\/09\/rando-le-peylat-768x853.jpg 768w\" sizes=\"auto, (max-width: 706px) 89vw, (max-width: 767px) 82vw, 740px\" \/><\/figure>\n\n\n\n<p class=\"has-medium-font-size\">Au d\u00e9part de la Ga\u00efelle, une randonn\u00e9e pour profiter des vues sur les vall\u00e9es du Marinet et de la V\u00e9rone en direction du Puy Mary&#8230;<\/p>\n\n\n\n<p><\/p>\n","protected":false},"excerpt":{"rendered":"<p>Au d\u00e9part de la Ga\u00efelle, une randonn\u00e9e pour profiter des vues sur les vall\u00e9es du Marinet et de la V\u00e9rone en direction du Puy Mary&#8230;<\/p>\n","protected":false},"author":1,"featured_media":0,"parent":0,"menu_order":0,"comment_status":"closed","ping_status":"closed","template":"","meta":{"footnotes":""},"class_list":["post-115","page","type-page","status-publish","hentry"],"yoast_head":"<!-- This site is optimized with the Yoast SEO plugin v27.4 - https:\/\/yoast.com\/product\/yoast-seo-wordpress\/ -->\n<title>Ga\u00efelle-Peylat - Buron de la Ga\u00efelle<\/title>\n<meta name=\"robots\" content=\"index, follow, max-snippet:-1, max-image-preview:large, max-video-preview:-1\" \/>\n<link rel=\"canonical\" href=\"https:\/\/buron-la-gaielle.marclh.fr\/?page_id=115\" \/>\n<meta property=\"og:locale\" content=\"fr_FR\" \/>\n<meta property=\"og:type\" content=\"article\" \/>\n<meta property=\"og:title\" content=\"Ga\u00efelle-Peylat - Buron de la Ga\u00efelle\" \/>\n<meta property=\"og:description\" content=\"Au d\u00e9part de la Ga\u00efelle, une randonn\u00e9e pour profiter des vues sur les vall\u00e9es du Marinet et de la V\u00e9rone en direction du Puy Mary&#8230;\" \/>\n<meta property=\"og:url\" content=\"https:\/\/buron-la-gaielle.marclh.fr\/?page_id=115\" \/>\n<meta property=\"og:site_name\" content=\"Buron de la Ga\u00efelle\" \/>\n<meta property=\"og:image\" content=\"https:\/\/marclh.fr\/buron-la-gaielle\/wp-content\/uploads\/2025\/09\/rando-le-peylat.jpg\" \/>\n<meta name=\"twitter:card\" content=\"summary_large_image\" \/>\n<script type=\"application\/ld+json\" class=\"yoast-schema-graph\">{\"@context\":\"https:\\\/\\\/schema.org\",\"@graph\":[{\"@type\":\"WebPage\",\"@id\":\"https:\\\/\\\/buron-la-gaielle.marclh.fr\\\/?page_id=115\",\"url\":\"https:\\\/\\\/buron-la-gaielle.marclh.fr\\\/?page_id=115\",\"name\":\"Ga\u00efelle-Peylat - Buron de la Ga\u00efelle\",\"isPartOf\":{\"@id\":\"https:\\\/\\\/buron-la-gaielle.marclh.fr\\\/#website\"},\"primaryImageOfPage\":{\"@id\":\"https:\\\/\\\/buron-la-gaielle.marclh.fr\\\/?page_id=115#primaryimage\"},\"image\":{\"@id\":\"https:\\\/\\\/buron-la-gaielle.marclh.fr\\\/?page_id=115#primaryimage\"},\"thumbnailUrl\":\"https:\\\/\\\/marclh.fr\\\/buron-la-gaielle\\\/wp-content\\\/uploads\\\/2025\\\/09\\\/rando-le-peylat.jpg\",\"datePublished\":\"2025-09-22T15:19:20+00:00\",\"breadcrumb\":{\"@id\":\"https:\\\/\\\/buron-la-gaielle.marclh.fr\\\/?page_id=115#breadcrumb\"},\"inLanguage\":\"fr-FR\",\"potentialAction\":[{\"@type\":\"ReadAction\",\"target\":[\"https:\\\/\\\/buron-la-gaielle.marclh.fr\\\/?page_id=115\"]}]},{\"@type\":\"ImageObject\",\"inLanguage\":\"fr-FR\",\"@id\":\"https:\\\/\\\/buron-la-gaielle.marclh.fr\\\/?page_id=115#primaryimage\",\"url\":\"https:\\\/\\\/marclh.fr\\\/buron-la-gaielle\\\/wp-content\\\/uploads\\\/2025\\\/09\\\/rando-le-peylat.jpg\",\"contentUrl\":\"https:\\\/\\\/marclh.fr\\\/buron-la-gaielle\\\/wp-content\\\/uploads\\\/2025\\\/09\\\/rando-le-peylat.jpg\"},{\"@type\":\"BreadcrumbList\",\"@id\":\"https:\\\/\\\/buron-la-gaielle.marclh.fr\\\/?page_id=115#breadcrumb\",\"itemListElement\":[{\"@type\":\"ListItem\",\"position\":1,\"name\":\"Accueil\",\"item\":\"https:\\\/\\\/buron-la-gaielle.marclh.fr\\\/\"},{\"@type\":\"ListItem\",\"position\":2,\"name\":\"Ga\u00efelle-Peylat\"}]},{\"@type\":\"WebSite\",\"@id\":\"https:\\\/\\\/buron-la-gaielle.marclh.fr\\\/#website\",\"url\":\"https:\\\/\\\/buron-la-gaielle.marclh.fr\\\/\",\"name\":\"Buron de la Ga\u00efelle\",\"description\":\"Un h\u00e9bergement authentique au c\u0153ur du massif cantalien\",\"publisher\":{\"@id\":\"https:\\\/\\\/buron-la-gaielle.marclh.fr\\\/#organization\"},\"alternateName\":\"la gaielle collandres\",\"potentialAction\":[{\"@type\":\"SearchAction\",\"target\":{\"@type\":\"EntryPoint\",\"urlTemplate\":\"https:\\\/\\\/buron-la-gaielle.marclh.fr\\\/?s={search_term_string}\"},\"query-input\":{\"@type\":\"PropertyValueSpecification\",\"valueRequired\":true,\"valueName\":\"search_term_string\"}}],\"inLanguage\":\"fr-FR\"},{\"@type\":\"Organization\",\"@id\":\"https:\\\/\\\/buron-la-gaielle.marclh.fr\\\/#organization\",\"name\":\"Buron de la Ga\u00efelle\",\"alternateName\":\"la gaielle collandres\",\"url\":\"https:\\\/\\\/buron-la-gaielle.marclh.fr\\\/\",\"logo\":{\"@type\":\"ImageObject\",\"inLanguage\":\"fr-FR\",\"@id\":\"https:\\\/\\\/buron-la-gaielle.marclh.fr\\\/#\\\/schema\\\/logo\\\/image\\\/\",\"url\":\"https:\\\/\\\/buron-la-gaielle.marclh.fr\\\/wp-content\\\/uploads\\\/2025\\\/09\\\/DSC_2014-r2.jpg\",\"contentUrl\":\"https:\\\/\\\/buron-la-gaielle.marclh.fr\\\/wp-content\\\/uploads\\\/2025\\\/09\\\/DSC_2014-r2.jpg\",\"width\":2048,\"height\":1365,\"caption\":\"Buron de la Ga\u00efelle\"},\"image\":{\"@id\":\"https:\\\/\\\/buron-la-gaielle.marclh.fr\\\/#\\\/schema\\\/logo\\\/image\\\/\"}}]}<\/script>\n<!-- \/ Yoast SEO plugin. -->","yoast_head_json":{"title":"Ga\u00efelle-Peylat - Buron de la Ga\u00efelle","robots":{"index":"index","follow":"follow","max-snippet":"max-snippet:-1","max-image-preview":"max-image-preview:large","max-video-preview":"max-video-preview:-1"},"canonical":"https:\/\/buron-la-gaielle.marclh.fr\/?page_id=115","og_locale":"fr_FR","og_type":"article","og_title":"Ga\u00efelle-Peylat - Buron de la Ga\u00efelle","og_description":"Au d\u00e9part de la Ga\u00efelle, une randonn\u00e9e pour profiter des vues sur les vall\u00e9es du Marinet et de la V\u00e9rone en direction du Puy Mary&#8230;","og_url":"https:\/\/buron-la-gaielle.marclh.fr\/?page_id=115","og_site_name":"Buron de la Ga\u00efelle","og_image":[{"url":"https:\/\/marclh.fr\/buron-la-gaielle\/wp-content\/uploads\/2025\/09\/rando-le-peylat.jpg","type":"","width":"","height":""}],"twitter_card":"summary_large_image","schema":{"@context":"https:\/\/schema.org","@graph":[{"@type":"WebPage","@id":"https:\/\/buron-la-gaielle.marclh.fr\/?page_id=115","url":"https:\/\/buron-la-gaielle.marclh.fr\/?page_id=115","name":"Ga\u00efelle-Peylat - Buron de la Ga\u00efelle","isPartOf":{"@id":"https:\/\/buron-la-gaielle.marclh.fr\/#website"},"primaryImageOfPage":{"@id":"https:\/\/buron-la-gaielle.marclh.fr\/?page_id=115#primaryimage"},"image":{"@id":"https:\/\/buron-la-gaielle.marclh.fr\/?page_id=115#primaryimage"},"thumbnailUrl":"https:\/\/marclh.fr\/buron-la-gaielle\/wp-content\/uploads\/2025\/09\/rando-le-peylat.jpg","datePublished":"2025-09-22T15:19:20+00:00","breadcrumb":{"@id":"https:\/\/buron-la-gaielle.marclh.fr\/?page_id=115#breadcrumb"},"inLanguage":"fr-FR","potentialAction":[{"@type":"ReadAction","target":["https:\/\/buron-la-gaielle.marclh.fr\/?page_id=115"]}]},{"@type":"ImageObject","inLanguage":"fr-FR","@id":"https:\/\/buron-la-gaielle.marclh.fr\/?page_id=115#primaryimage","url":"https:\/\/marclh.fr\/buron-la-gaielle\/wp-content\/uploads\/2025\/09\/rando-le-peylat.jpg","contentUrl":"https:\/\/marclh.fr\/buron-la-gaielle\/wp-content\/uploads\/2025\/09\/rando-le-peylat.jpg"},{"@type":"BreadcrumbList","@id":"https:\/\/buron-la-gaielle.marclh.fr\/?page_id=115#breadcrumb","itemListElement":[{"@type":"ListItem","position":1,"name":"Accueil","item":"https:\/\/buron-la-gaielle.marclh.fr\/"},{"@type":"ListItem","position":2,"name":"Ga\u00efelle-Peylat"}]},{"@type":"WebSite","@id":"https:\/\/buron-la-gaielle.marclh.fr\/#website","url":"https:\/\/buron-la-gaielle.marclh.fr\/","name":"Buron de la Ga\u00efelle","description":"Un h\u00e9bergement authentique au c\u0153ur du massif cantalien","publisher":{"@id":"https:\/\/buron-la-gaielle.marclh.fr\/#organization"},"alternateName":"la gaielle collandres","potentialAction":[{"@type":"SearchAction","target":{"@type":"EntryPoint","urlTemplate":"https:\/\/buron-la-gaielle.marclh.fr\/?s={search_term_string}"},"query-input":{"@type":"PropertyValueSpecification","valueRequired":true,"valueName":"search_term_string"}}],"inLanguage":"fr-FR"},{"@type":"Organization","@id":"https:\/\/buron-la-gaielle.marclh.fr\/#organization","name":"Buron de la Ga\u00efelle","alternateName":"la gaielle collandres","url":"https:\/\/buron-la-gaielle.marclh.fr\/","logo":{"@type":"ImageObject","inLanguage":"fr-FR","@id":"https:\/\/buron-la-gaielle.marclh.fr\/#\/schema\/logo\/image\/","url":"https:\/\/buron-la-gaielle.marclh.fr\/wp-content\/uploads\/2025\/09\/DSC_2014-r2.jpg","contentUrl":"https:\/\/buron-la-gaielle.marclh.fr\/wp-content\/uploads\/2025\/09\/DSC_2014-r2.jpg","width":2048,"height":1365,"caption":"Buron de la Ga\u00efelle"},"image":{"@id":"https:\/\/buron-la-gaielle.marclh.fr\/#\/schema\/logo\/image\/"}}]}},"_links":{"self":[{"href":"https:\/\/buron-la-gaielle.marclh.fr\/index.php?rest_route=\/wp\/v2\/pages\/115","targetHints":{"allow":["GET"]}}],"collection":[{"href":"https:\/\/buron-la-gaielle.marclh.fr\/index.php?rest_route=\/wp\/v2\/pages"}],"about":[{"href":"https:\/\/buron-la-gaielle.marclh.fr\/index.php?rest_route=\/wp\/v2\/types\/page"}],"author":[{"embeddable":true,"href":"https:\/\/buron-la-gaielle.marclh.fr\/index.php?rest_route=\/wp\/v2\/users\/1"}],"replies":[{"embeddable":true,"href":"https:\/\/buron-la-gaielle.marclh.fr\/index.php?rest_route=%2Fwp%2Fv2%2Fcomments&post=115"}],"version-history":[{"count":1,"href":"https:\/\/buron-la-gaielle.marclh.fr\/index.php?rest_route=\/wp\/v2\/pages\/115\/revisions"}],"predecessor-version":[{"id":117,"href":"https:\/\/buron-la-gaielle.marclh.fr\/index.php?rest_route=\/wp\/v2\/pages\/115\/revisions\/117"}],"wp:attachment":[{"href":"https:\/\/buron-la-gaielle.marclh.fr\/index.php?rest_route=%2Fwp%2Fv2%2Fmedia&parent=115"}],"curies":[{"name":"wp","href":"https:\/\/api.w.org\/{rel}","templated":true}]}}