{"id":113,"date":"2025-09-22T17:17:21","date_gmt":"2025-09-22T15:17:21","guid":{"rendered":"https:\/\/marclh.fr\/buron-la-gaielle\/?page_id=113"},"modified":"2025-09-22T17:22:18","modified_gmt":"2025-09-22T15:22:18","slug":"randonnees","status":"publish","type":"page","link":"https:\/\/buron-la-gaielle.marclh.fr\/?page_id=113","title":{"rendered":"Randonn\u00e9es"},"content":{"rendered":"\n<p class=\"has-medium-font-size\">Retrouvez ici quelques exemples de randonn\u00e9es locales :<br><br><a href=\"https:\/\/marclh.fr\/buron-la-gaielle\/?page_id=115\" data-type=\"page\" data-id=\"115\">-1- Buron de la Ga\u00efelle &#8211; Le Peylat : 16.5 kms<\/a><br>-2- xx<\/p>\n","protected":false},"excerpt":{"rendered":"<p>Retrouvez ici quelques exemples de randonn\u00e9es locales : -1- Buron de la Ga\u00efelle &#8211; Le Peylat : 16.5 kms-2- xx<\/p>\n","protected":false},"author":1,"featured_media":0,"parent":0,"menu_order":0,"comment_status":"closed","ping_status":"closed","template":"","meta":{"footnotes":""},"class_list":["post-113","page","type-page","status-publish","hentry"],"yoast_head":"<!-- This site is optimized with the Yoast SEO plugin v27.4 - https:\/\/yoast.com\/product\/yoast-seo-wordpress\/ -->\n<title>Randonn\u00e9es - Buron de la Ga\u00efelle<\/title>\n<meta name=\"robots\" content=\"index, follow, max-snippet:-1, max-image-preview:large, max-video-preview:-1\" \/>\n<link rel=\"canonical\" href=\"https:\/\/buron-la-gaielle.marclh.fr\/?page_id=113\" \/>\n<meta property=\"og:locale\" content=\"fr_FR\" \/>\n<meta property=\"og:type\" content=\"article\" \/>\n<meta property=\"og:title\" content=\"Randonn\u00e9es - Buron de la Ga\u00efelle\" \/>\n<meta property=\"og:description\" content=\"Retrouvez ici quelques exemples de randonn\u00e9es locales : -1- Buron de la Ga\u00efelle &#8211; Le Peylat : 16.5 kms-2- xx\" \/>\n<meta property=\"og:url\" content=\"https:\/\/buron-la-gaielle.marclh.fr\/?page_id=113\" \/>\n<meta property=\"og:site_name\" content=\"Buron de la Ga\u00efelle\" \/>\n<meta property=\"article:modified_time\" content=\"2025-09-22T15:22:18+00:00\" \/>\n<meta property=\"og:image\" content=\"https:\/\/buron-la-gaielle.marclh.fr\/wp-content\/uploads\/2025\/09\/DSC_2014-r2.jpg\" \/>\n\t<meta property=\"og:image:width\" content=\"2048\" \/>\n\t<meta property=\"og:image:height\" content=\"1365\" \/>\n\t<meta property=\"og:image:type\" content=\"image\/jpeg\" \/>\n<meta name=\"twitter:card\" content=\"summary_large_image\" \/>\n<script type=\"application\/ld+json\" class=\"yoast-schema-graph\">{\"@context\":\"https:\\\/\\\/schema.org\",\"@graph\":[{\"@type\":\"WebPage\",\"@id\":\"https:\\\/\\\/buron-la-gaielle.marclh.fr\\\/?page_id=113\",\"url\":\"https:\\\/\\\/buron-la-gaielle.marclh.fr\\\/?page_id=113\",\"name\":\"Randonn\u00e9es - Buron de la Ga\u00efelle\",\"isPartOf\":{\"@id\":\"https:\\\/\\\/buron-la-gaielle.marclh.fr\\\/#website\"},\"datePublished\":\"2025-09-22T15:17:21+00:00\",\"dateModified\":\"2025-09-22T15:22:18+00:00\",\"breadcrumb\":{\"@id\":\"https:\\\/\\\/buron-la-gaielle.marclh.fr\\\/?page_id=113#breadcrumb\"},\"inLanguage\":\"fr-FR\",\"potentialAction\":[{\"@type\":\"ReadAction\",\"target\":[\"https:\\\/\\\/buron-la-gaielle.marclh.fr\\\/?page_id=113\"]}]},{\"@type\":\"BreadcrumbList\",\"@id\":\"https:\\\/\\\/buron-la-gaielle.marclh.fr\\\/?page_id=113#breadcrumb\",\"itemListElement\":[{\"@type\":\"ListItem\",\"position\":1,\"name\":\"Accueil\",\"item\":\"https:\\\/\\\/buron-la-gaielle.marclh.fr\\\/\"},{\"@type\":\"ListItem\",\"position\":2,\"name\":\"Randonn\u00e9es\"}]},{\"@type\":\"WebSite\",\"@id\":\"https:\\\/\\\/buron-la-gaielle.marclh.fr\\\/#website\",\"url\":\"https:\\\/\\\/buron-la-gaielle.marclh.fr\\\/\",\"name\":\"Buron de la Ga\u00efelle\",\"description\":\"Un h\u00e9bergement authentique au c\u0153ur du massif cantalien\",\"publisher\":{\"@id\":\"https:\\\/\\\/buron-la-gaielle.marclh.fr\\\/#organization\"},\"alternateName\":\"la gaielle collandres\",\"potentialAction\":[{\"@type\":\"SearchAction\",\"target\":{\"@type\":\"EntryPoint\",\"urlTemplate\":\"https:\\\/\\\/buron-la-gaielle.marclh.fr\\\/?s={search_term_string}\"},\"query-input\":{\"@type\":\"PropertyValueSpecification\",\"valueRequired\":true,\"valueName\":\"search_term_string\"}}],\"inLanguage\":\"fr-FR\"},{\"@type\":\"Organization\",\"@id\":\"https:\\\/\\\/buron-la-gaielle.marclh.fr\\\/#organization\",\"name\":\"Buron de la Ga\u00efelle\",\"alternateName\":\"la gaielle collandres\",\"url\":\"https:\\\/\\\/buron-la-gaielle.marclh.fr\\\/\",\"logo\":{\"@type\":\"ImageObject\",\"inLanguage\":\"fr-FR\",\"@id\":\"https:\\\/\\\/buron-la-gaielle.marclh.fr\\\/#\\\/schema\\\/logo\\\/image\\\/\",\"url\":\"https:\\\/\\\/buron-la-gaielle.marclh.fr\\\/wp-content\\\/uploads\\\/2025\\\/09\\\/DSC_2014-r2.jpg\",\"contentUrl\":\"https:\\\/\\\/buron-la-gaielle.marclh.fr\\\/wp-content\\\/uploads\\\/2025\\\/09\\\/DSC_2014-r2.jpg\",\"width\":2048,\"height\":1365,\"caption\":\"Buron de la Ga\u00efelle\"},\"image\":{\"@id\":\"https:\\\/\\\/buron-la-gaielle.marclh.fr\\\/#\\\/schema\\\/logo\\\/image\\\/\"}}]}<\/script>\n<!-- \/ Yoast SEO plugin. -->","yoast_head_json":{"title":"Randonn\u00e9es - Buron de la Ga\u00efelle","robots":{"index":"index","follow":"follow","max-snippet":"max-snippet:-1","max-image-preview":"max-image-preview:large","max-video-preview":"max-video-preview:-1"},"canonical":"https:\/\/buron-la-gaielle.marclh.fr\/?page_id=113","og_locale":"fr_FR","og_type":"article","og_title":"Randonn\u00e9es - Buron de la Ga\u00efelle","og_description":"Retrouvez ici quelques exemples de randonn\u00e9es locales : -1- Buron de la Ga\u00efelle &#8211; Le Peylat : 16.5 kms-2- xx","og_url":"https:\/\/buron-la-gaielle.marclh.fr\/?page_id=113","og_site_name":"Buron de la Ga\u00efelle","article_modified_time":"2025-09-22T15:22:18+00:00","og_image":[{"width":2048,"height":1365,"url":"https:\/\/buron-la-gaielle.marclh.fr\/wp-content\/uploads\/2025\/09\/DSC_2014-r2.jpg","type":"image\/jpeg"}],"twitter_card":"summary_large_image","schema":{"@context":"https:\/\/schema.org","@graph":[{"@type":"WebPage","@id":"https:\/\/buron-la-gaielle.marclh.fr\/?page_id=113","url":"https:\/\/buron-la-gaielle.marclh.fr\/?page_id=113","name":"Randonn\u00e9es - Buron de la Ga\u00efelle","isPartOf":{"@id":"https:\/\/buron-la-gaielle.marclh.fr\/#website"},"datePublished":"2025-09-22T15:17:21+00:00","dateModified":"2025-09-22T15:22:18+00:00","breadcrumb":{"@id":"https:\/\/buron-la-gaielle.marclh.fr\/?page_id=113#breadcrumb"},"inLanguage":"fr-FR","potentialAction":[{"@type":"ReadAction","target":["https:\/\/buron-la-gaielle.marclh.fr\/?page_id=113"]}]},{"@type":"BreadcrumbList","@id":"https:\/\/buron-la-gaielle.marclh.fr\/?page_id=113#breadcrumb","itemListElement":[{"@type":"ListItem","position":1,"name":"Accueil","item":"https:\/\/buron-la-gaielle.marclh.fr\/"},{"@type":"ListItem","position":2,"name":"Randonn\u00e9es"}]},{"@type":"WebSite","@id":"https:\/\/buron-la-gaielle.marclh.fr\/#website","url":"https:\/\/buron-la-gaielle.marclh.fr\/","name":"Buron de la Ga\u00efelle","description":"Un h\u00e9bergement authentique au c\u0153ur du massif cantalien","publisher":{"@id":"https:\/\/buron-la-gaielle.marclh.fr\/#organization"},"alternateName":"la gaielle collandres","potentialAction":[{"@type":"SearchAction","target":{"@type":"EntryPoint","urlTemplate":"https:\/\/buron-la-gaielle.marclh.fr\/?s={search_term_string}"},"query-input":{"@type":"PropertyValueSpecification","valueRequired":true,"valueName":"search_term_string"}}],"inLanguage":"fr-FR"},{"@type":"Organization","@id":"https:\/\/buron-la-gaielle.marclh.fr\/#organization","name":"Buron de la Ga\u00efelle","alternateName":"la gaielle collandres","url":"https:\/\/buron-la-gaielle.marclh.fr\/","logo":{"@type":"ImageObject","inLanguage":"fr-FR","@id":"https:\/\/buron-la-gaielle.marclh.fr\/#\/schema\/logo\/image\/","url":"https:\/\/buron-la-gaielle.marclh.fr\/wp-content\/uploads\/2025\/09\/DSC_2014-r2.jpg","contentUrl":"https:\/\/buron-la-gaielle.marclh.fr\/wp-content\/uploads\/2025\/09\/DSC_2014-r2.jpg","width":2048,"height":1365,"caption":"Buron de la Ga\u00efelle"},"image":{"@id":"https:\/\/buron-la-gaielle.marclh.fr\/#\/schema\/logo\/image\/"}}]}},"_links":{"self":[{"href":"https:\/\/buron-la-gaielle.marclh.fr\/index.php?rest_route=\/wp\/v2\/pages\/113","targetHints":{"allow":["GET"]}}],"collection":[{"href":"https:\/\/buron-la-gaielle.marclh.fr\/index.php?rest_route=\/wp\/v2\/pages"}],"about":[{"href":"https:\/\/buron-la-gaielle.marclh.fr\/index.php?rest_route=\/wp\/v2\/types\/page"}],"author":[{"embeddable":true,"href":"https:\/\/buron-la-gaielle.marclh.fr\/index.php?rest_route=\/wp\/v2\/users\/1"}],"replies":[{"embeddable":true,"href":"https:\/\/buron-la-gaielle.marclh.fr\/index.php?rest_route=%2Fwp%2Fv2%2Fcomments&post=113"}],"version-history":[{"count":2,"href":"https:\/\/buron-la-gaielle.marclh.fr\/index.php?rest_route=\/wp\/v2\/pages\/113\/revisions"}],"predecessor-version":[{"id":120,"href":"https:\/\/buron-la-gaielle.marclh.fr\/index.php?rest_route=\/wp\/v2\/pages\/113\/revisions\/120"}],"wp:attachment":[{"href":"https:\/\/buron-la-gaielle.marclh.fr\/index.php?rest_route=%2Fwp%2Fv2%2Fmedia&parent=113"}],"curies":[{"name":"wp","href":"https:\/\/api.w.org\/{rel}","templated":true}]}}